{"id":23,"date":"2025-01-01T17:12:41","date_gmt":"2025-01-01T16:12:41","guid":{"rendered":"http:\/\/lepetitmondedesylviane.fr\/?page_id=23"},"modified":"2025-06-25T17:53:16","modified_gmt":"2025-06-25T15:53:16","slug":"a-propos-de","status":"publish","type":"page","link":"https:\/\/lepetitmondedesylviane.fr\/?page_id=23","title":{"rendered":"\u00c0 propos de Sylviane"},"content":{"rendered":"\n<p><\/p>\n\n\n\n<p>Bienvenue dans mon univers<\/p>\n\n\n\n<p>Apr\u00e8s une belle carri\u00e8re dans l\u2019aide \u00e0 la personne, j\u2019ai choisi de suivre une passion de toujours : <strong>la cr\u00e9ation artistique<\/strong>. Aujourd\u2019hui, je suis <strong>poti\u00e8re et peintre<\/strong>, install\u00e9e dans un atelier o\u00f9 la terre et les couleurs prennent vie entre mes mains.<\/p>\n\n\n\n<p>Chaque pi\u00e8ce que je fa\u00e7onne est unique, n\u00e9e d\u2019un geste lent, d\u2019une \u00e9motion, d\u2019un instant. J\u2019y retrouve le lien humain d\u2019autrefois, cette attention port\u00e9e \u00e0 l\u2019autre, mais exprim\u00e9e autrement \u2013 par la mati\u00e8re, la forme, la texture.<\/p>\n\n\n\n<p><strong>Bient\u00f4t<\/strong>, je proposerai des <strong>cours d\u2019initiation \u00e0 la poterie<\/strong>, ouverts \u00e0 toutes celles et ceux qui souhaitent d\u00e9couvrir le plaisir de modeler la terre, de cr\u00e9er avec leurs mains, de se reconnecter \u00e0 leur cr\u00e9ativit\u00e9 dans un cadre bienveillant et convivial.<\/p>\n\n\n\n<p>Je vous invite \u00e0 d\u00e9couvrir mon travail, \u00e0 venir me rencontrer, et pourquoi pas, \u00e0 vous laisser tenter par une aventure c\u00e9ramique&#8230;<\/p>\n","protected":false},"excerpt":{"rendered":"<p>Bienvenue dans mon univers Apr\u00e8s une belle carri\u00e8re dans l\u2019aide \u00e0 la personne, j\u2019ai choisi de suivre une passion de toujours : la cr\u00e9ation artistique. Aujourd\u2019hui, je suis poti\u00e8re et peintre, install\u00e9e dans un atelier o\u00f9 la terre et les couleurs prennent vie entre mes mains. Chaque pi\u00e8ce que je fa\u00e7onne est unique, n\u00e9e d\u2019un&hellip; <a class=\"more-link\" href=\"https:\/\/lepetitmondedesylviane.fr\/?page_id=23\">Poursuivre la lecture <span class=\"screen-reader-text\">\u00c0 propos de Sylviane<\/span><\/a><\/p>\n","protected":false},"author":1,"featured_media":0,"parent":0,"menu_order":0,"comment_status":"closed","ping_status":"closed","template":"","meta":{"footnotes":""},"class_list":["post-23","page","type-page","status-publish","hentry","entry"],"_links":{"self":[{"href":"https:\/\/lepetitmondedesylviane.fr\/index.php?rest_route=\/wp\/v2\/pages\/23","targetHints":{"allow":["GET"]}}],"collection":[{"href":"https:\/\/lepetitmondedesylviane.fr\/index.php?rest_route=\/wp\/v2\/pages"}],"about":[{"href":"https:\/\/lepetitmondedesylviane.fr\/index.php?rest_route=\/wp\/v2\/types\/page"}],"author":[{"embeddable":true,"href":"https:\/\/lepetitmondedesylviane.fr\/index.php?rest_route=\/wp\/v2\/users\/1"}],"replies":[{"embeddable":true,"href":"https:\/\/lepetitmondedesylviane.fr\/index.php?rest_route=%2Fwp%2Fv2%2Fcomments&post=23"}],"version-history":[{"count":4,"href":"https:\/\/lepetitmondedesylviane.fr\/index.php?rest_route=\/wp\/v2\/pages\/23\/revisions"}],"predecessor-version":[{"id":145,"href":"https:\/\/lepetitmondedesylviane.fr\/index.php?rest_route=\/wp\/v2\/pages\/23\/revisions\/145"}],"wp:attachment":[{"href":"https:\/\/lepetitmondedesylviane.fr\/index.php?rest_route=%2Fwp%2Fv2%2Fmedia&parent=23"}],"curies":[{"name":"wp","href":"https:\/\/api.w.org\/{rel}","templated":true}]}}